{"id":51,"date":"2014-07-09T08:29:20","date_gmt":"2014-07-09T13:29:20","guid":{"rendered":"http:\/\/metafisicacolombia.com\/web\/?page_id=51"},"modified":"2018-04-20T19:00:27","modified_gmt":"2018-04-21T00:00:27","slug":"contactanos","status":"publish","type":"page","link":"https:\/\/metafisicacolombia.com\/web\/contactanos\/","title":{"rendered":"Cont\u00e1ctanos"},"content":{"rendered":"<p><img decoding=\"async\" loading=\"lazy\" class=\"alignnone wp-image-53 size-medium\" src=\"https:\/\/i0.wp.com\/metafisicacolombia.com\/web\/wp-content\/uploads\/2014\/07\/contacto.jpg?resize=300%2C101\" alt=\"Basic RGB\" width=\"300\" height=\"101\" srcset=\"https:\/\/i0.wp.com\/metafisicacolombia.com\/web\/wp-content\/uploads\/2014\/07\/contacto.jpg?resize=300%2C101&amp;ssl=1 300w, https:\/\/i0.wp.com\/metafisicacolombia.com\/web\/wp-content\/uploads\/2014\/07\/contacto.jpg?resize=1024%2C347&amp;ssl=1 1024w, https:\/\/i0.wp.com\/metafisicacolombia.com\/web\/wp-content\/uploads\/2014\/07\/contacto.jpg?resize=624%2C211&amp;ssl=1 624w, https:\/\/i0.wp.com\/metafisicacolombia.com\/web\/wp-content\/uploads\/2014\/07\/contacto.jpg?w=2000 2000w, https:\/\/i0.wp.com\/metafisicacolombia.com\/web\/wp-content\/uploads\/2014\/07\/contacto.jpg?w=3000 3000w\" sizes=\"(max-width: 300px) 100vw, 300px\" data-recalc-dims=\"1\" \/><\/p>\n<p>Si tienes alguna inquietud o deseas ampliar la informaci\u00f3n presentada en esta p\u00e1gina web no dudes en ponerte en contacto con nosotros:<\/p>\n<div data-test='contact-form' id='contact-form-51' class='wp-block-jetpack-contact-form-container '>\n<form action='https:\/\/metafisicacolombia.com\/web\/contactanos\/#contact-form-51' method='post' class='contact-form commentsblock'>\n<script>\n\t\t\t( function () {\n\t\t\t\tconst contact_forms = document.getElementsByClassName('contact-form');\n\n\t\t\t\tfor ( const form of contact_forms ) {\n\t\t\t\t\tform.onsubmit = function() {\n\t\t\t\t\t\tconst buttons = form.getElementsByTagName('button');\n\n\t\t\t\t\t\tfor( const button of buttons ) {\n\t\t\t\t\t\t\tbutton.setAttribute('disabled', true);\n\t\t\t\t\t\t}\n\t\t\t\t\t}\n\t\t\t\t}\n\t\t\t} )();\n\t\t<\/script>\n<div style=\"\" class='grunion-field-name-wrap grunion-field-wrap'  >\n<label\n\t\t\t\tfor='g51-nombre'\n\t\t\t\tclass='grunion-field-label name'>Nombre<span>(obligatorio)<\/span><\/label>\n<input\n\t\t\t\t\ttype='text'\n\t\t\t\t\tname='g51-nombre'\n\t\t\t\t\tid='g51-nombre'\n\t\t\t\t\tvalue=''\n\t\t\t\t\tclass='name  grunion-field' \n\t\t\t\t\trequired aria-required='true' \/>\n\t<\/div>\n\n<div style=\"\" class='grunion-field-email-wrap grunion-field-wrap'  >\n<label\n\t\t\t\tfor='g51-email'\n\t\t\t\tclass='grunion-field-label email'>Email<span>(obligatorio)<\/span><\/label>\n<input\n\t\t\t\t\ttype='email'\n\t\t\t\t\tname='g51-email'\n\t\t\t\t\tid='g51-email'\n\t\t\t\t\tvalue=''\n\t\t\t\t\tclass='email  grunion-field' \n\t\t\t\t\trequired aria-required='true' \/>\n\t<\/div>\n\n<div style=\"\" class='grunion-field-textarea-wrap grunion-field-wrap'  >\n<label\n\t\t\t\tfor='contact-form-comment-g51-comentario'\n\t\t\t\tclass='grunion-field-label textarea'>Comentario<span>(obligatorio)<\/span><\/label>\n<textarea\n\t\t                style=''\n\t\t                name='g51-comentario'\n\t\t                id='contact-form-comment-g51-comentario'\n\t\t                rows='20' class='textarea  grunion-field'  required aria-required='true'><\/textarea>\n\t<\/div>\n\t<p class='contact-submit'>\n\t\t<button type='submit' class='pushbutton-wide'>Enviar<\/button>\t\t<input type='hidden' name='contact-form-id' value='51' \/>\n\t\t<input type='hidden' name='action' value='grunion-contact-form' \/>\n\t\t<input type='hidden' name='contact-form-hash' value='3e7473cffe82247c712500ecee007de0137fd3a9' \/>\n\t<\/p>\n<\/form>\n<\/div>\n<p>o atrav\u00e9s de los siguientes medios<\/p>\n<p>Email: metacolombia@hotmail.com<\/p>\n<p>Cel.: 319-5463818<\/p>\n","protected":false},"excerpt":{"rendered":"<p>Si tienes alguna inquietud o deseas ampliar la informaci\u00f3n presentada en esta p\u00e1gina web no dudes en ponerte en contacto con nosotros: o atrav\u00e9s de los siguientes medios Email: metacolombia@hotmail.com [&hellip;]<\/p>\n","protected":false},"author":1,"featured_media":0,"parent":0,"menu_order":0,"comment_status":"closed","ping_status":"closed","template":"","meta":{"footnotes":""},"jetpack_sharing_enabled":false,"jetpack_shortlink":"https:\/\/wp.me\/P4NHpI-P","_links":{"self":[{"href":"https:\/\/metafisicacolombia.com\/web\/wp-json\/wp\/v2\/pages\/51"}],"collection":[{"href":"https:\/\/metafisicacolombia.com\/web\/wp-json\/wp\/v2\/pages"}],"about":[{"href":"https:\/\/metafisicacolombia.com\/web\/wp-json\/wp\/v2\/types\/page"}],"author":[{"embeddable":true,"href":"https:\/\/metafisicacolombia.com\/web\/wp-json\/wp\/v2\/users\/1"}],"replies":[{"embeddable":true,"href":"https:\/\/metafisicacolombia.com\/web\/wp-json\/wp\/v2\/comments?post=51"}],"version-history":[{"count":9,"href":"https:\/\/metafisicacolombia.com\/web\/wp-json\/wp\/v2\/pages\/51\/revisions"}],"predecessor-version":[{"id":54,"href":"https:\/\/metafisicacolombia.com\/web\/wp-json\/wp\/v2\/pages\/51\/revisions\/54"}],"wp:attachment":[{"href":"https:\/\/metafisicacolombia.com\/web\/wp-json\/wp\/v2\/media?parent=51"}],"curies":[{"name":"wp","href":"https:\/\/api.w.org\/{rel}","templated":true}]}}